{"id":71,"date":"2015-05-29T04:00:49","date_gmt":"2015-05-29T03:00:49","guid":{"rendered":"http:\/\/preprod.imsms.temperies.com\/?page_id=71"},"modified":"2015-06-25T00:03:32","modified_gmt":"2015-06-24T23:03:32","slug":"quienes-somos","status":"publish","type":"page","link":"https:\/\/vvs.163.myftpupload.com\/?page_id=71","title":{"rendered":"Qui\u00e9nes Somos"},"content":{"rendered":"<p>El Comit\u00e9 Directivo (CD) establece la agenda biom\u00e9dica a largo plazo, identifica y contrata otros colaboradores, supervisa el presupuesto, los gastos y es en \u00faltima instancia, el responsable de alcanzar los objetivos.\u00a0Los grupos de trabajo individuales est\u00e1n compuesto por investigadores con vasta experiencia y son responsables de garantizar la realizaci\u00f3n de los objetivos individuales de los distintos proyectos. Si bien los grupos de trabajo se establecer\u00e1n y podr\u00e1n ser modificados en el transcurso del estudio, inicialmente tenemos pensado para la creaci\u00f3n de cuatro grupos de trabajo, enfocados en las siguientes \u00e1reas claves:<\/p>\n<ul>\n<li>Inscripci\u00f3n de pacientes y recolecci\u00f3n de muestras.<\/li>\n<li>Desarrollo de las instalaciones para ratones.<\/li>\n<li>Experimentos de transferencia de bacterias a ratones gnotobi\u00f3tico<\/li>\n<li>Estudios inmunol\u00f3<\/li>\n<\/ul>\n<p>&nbsp;<\/p>\n<p>Asimismo, se formar\u00e1n grupos de trabajo espec\u00edficos que centraran su atenci\u00f3n en el an\u00e1lisis de datos, estudios cl\u00ednicos, y otros proyectos anexos.<\/p>\n","protected":false},"excerpt":{"rendered":"<p>El Comit\u00e9 Directivo (CD) establece la agenda biom\u00e9dica a largo plazo, identifica y contrata otros colaboradores, supervisa el presupuesto, los gastos y es en \u00faltima instancia, el responsable de alcanzar los objetivos.\u00a0Los grupos de trabajo individuales est\u00e1n compuesto por investigadores con vasta experiencia y son responsables de garantizar la realizaci\u00f3n de los objetivos individuales de [&hellip;]<\/p>\n","protected":false},"author":1,"featured_media":0,"parent":0,"menu_order":0,"comment_status":"open","ping_status":"open","template":"","meta":{"footnotes":""},"class_list":["post-71","page","type-page","status-publish","hentry"],"_links":{"self":[{"href":"https:\/\/vvs.163.myftpupload.com\/index.php?rest_route=\/wp\/v2\/pages\/71","targetHints":{"allow":["GET"]}}],"collection":[{"href":"https:\/\/vvs.163.myftpupload.com\/index.php?rest_route=\/wp\/v2\/pages"}],"about":[{"href":"https:\/\/vvs.163.myftpupload.com\/index.php?rest_route=\/wp\/v2\/types\/page"}],"author":[{"embeddable":true,"href":"https:\/\/vvs.163.myftpupload.com\/index.php?rest_route=\/wp\/v2\/users\/1"}],"replies":[{"embeddable":true,"href":"https:\/\/vvs.163.myftpupload.com\/index.php?rest_route=%2Fwp%2Fv2%2Fcomments&post=71"}],"version-history":[{"count":3,"href":"https:\/\/vvs.163.myftpupload.com\/index.php?rest_route=\/wp\/v2\/pages\/71\/revisions"}],"predecessor-version":[{"id":545,"href":"https:\/\/vvs.163.myftpupload.com\/index.php?rest_route=\/wp\/v2\/pages\/71\/revisions\/545"}],"wp:attachment":[{"href":"https:\/\/vvs.163.myftpupload.com\/index.php?rest_route=%2Fwp%2Fv2%2Fmedia&parent=71"}],"curies":[{"name":"wp","href":"https:\/\/api.w.org\/{rel}","templated":true}]}}