{"id":67,"date":"2015-05-29T03:53:37","date_gmt":"2015-05-29T02:53:37","guid":{"rendered":"http:\/\/preprod.imsms.temperies.com\/?page_id=67"},"modified":"2020-06-19T22:36:31","modified_gmt":"2020-06-19T21:36:31","slug":"inicio","status":"publish","type":"page","link":"https:\/\/vvs.163.myftpupload.com\/?page_id=67","title":{"rendered":"Inicio"},"content":{"rendered":"<h1>Bienvenidos al iMSMS (international MS Microbiome Study)<\/h1>\n<h4>Estudiaremos el papel de las bacterias intestinales (microbiota) y sus genes (microbioma) en la esclerosis m\u00faltiple (EM), con los conocimientos adquiridos dise\u00f1aremos un estudio cl\u00ednico que tendr\u00e1 un enfoque totalmente nuevo para el tratamiento de esta enfermedad.<\/h4>\n<p>&nbsp;<\/p>\n<h4><a href=\"https:\/\/redcap.ucsf.edu\/surveys\/?s=M38ECMPX9M\" target=\"_blank\">\u00bfInteresado en participar en este estudio? Complete esta encuesta de elegibilidad para comenzar.<\/a><\/h4>\n<hr \/>\n<h4>Sobre el iMSMS<\/h4>\n<p>El campo de investigaci\u00f3n del microbioma est\u00e1 en su comienzos; se sabe que las especies microbianas y sus productos tienen influencia en muchas funciones importantes de sus hu\u00e9spedes, incluyendo la digesti\u00f3n, el suministro de nutrientes y vitaminas esenciales, y en la regulaci\u00f3n de las funciones del sistema inmunol\u00f3gico. Recientemente, la tecnolog\u00eda necesaria para examinar exhaustivamente la funci\u00f3n de la microbiota intestinal en EM ha sido desarrollada. En este estudio, liderado por el Centro de EM de la Universidad de California en San Francisco (UCSF) se establecer\u00e1 un consorcio de primer nivel internacional y utilizando tecnolog\u00eda de \u00faltima generaci\u00f3n, se completar\u00e1 un estudio masivo pero muy detallado de c\u00f3mo la microbiota de pacientes individuales impacta en la susceptibilidad, progresi\u00f3n y respuesta al tratamiento de la EM. Sabemos que esta investigaci\u00f3n tendr\u00e1 un gran impacto en nuestro conocimiento en EM, y anticipamos que tambi\u00e9n mejorar\u00e1 nuestro enfoque para abordar su prevenci\u00f3n y tratamiento de forma mas efectiva.<\/p>\n<p>La susceptibilidad y el desarrollo cl\u00ednico de la EM depende tanto de la composici\u00f3n gen\u00e9tica como del contenido microbiano intestinal del paciente. Nuestra propuesta es el primer estudio sistem\u00e1tico del efecto conjunto de la gen\u00e9tica y el medio ambiente en esta enfermedad. Hemos formado un equipo internacional de cient\u00edficos (Estados Unidos, Argentina, el Reino Unido y Espa\u00f1a) que de manera colectiva cuentan con una vasta experiencia en microbioma, secuenciaci\u00f3n de ADN, inform\u00e1tica y tratamiento m\u00e9dico de EM.<\/p>\n<p>En este estudio, el iMSMS va a juntar muestras de materia fecal de 4.000 pacientes para catalogar poblaciones de microbiota en cada individuo y comprender cuales son las especies protectoras, neutrales y\/o de alto riesgo.<\/p>\n<p>Esperamos que estos resultados proporcionen el conocimiento necesario para dise\u00f1ar un nuevo tipo de estudio cl\u00ednico que pondr\u00e1 a prueba nuestra capacidad para manipular racionalmente la microbiota intestinal con el fin de alterar el curso de la EM.<\/p>\n<p>Estos resultados probablemente no s\u00f3lo tendr\u00e1n un impacto en EM sino tambi\u00e9n en otros trastornos relacionados con el sistema inmunol\u00f3gico.<\/p>\n","protected":false},"excerpt":{"rendered":"<p>Bienvenidos al iMSMS (international MS Microbiome Study) Estudiaremos el papel de las bacterias intestinales (microbiota) y sus genes (microbioma) en la esclerosis m\u00faltiple (EM), con los conocimientos adquiridos dise\u00f1aremos un estudio cl\u00ednico que tendr\u00e1 un enfoque totalmente nuevo para el tratamiento de esta enfermedad. &nbsp; \u00bfInteresado en participar en este estudio? Complete esta encuesta de [&hellip;]<\/p>\n","protected":false},"author":1,"featured_media":0,"parent":0,"menu_order":0,"comment_status":"open","ping_status":"open","template":"template-home-page.php","meta":{"footnotes":""},"class_list":["post-67","page","type-page","status-publish","hentry"],"_links":{"self":[{"href":"https:\/\/vvs.163.myftpupload.com\/index.php?rest_route=\/wp\/v2\/pages\/67","targetHints":{"allow":["GET"]}}],"collection":[{"href":"https:\/\/vvs.163.myftpupload.com\/index.php?rest_route=\/wp\/v2\/pages"}],"about":[{"href":"https:\/\/vvs.163.myftpupload.com\/index.php?rest_route=\/wp\/v2\/types\/page"}],"author":[{"embeddable":true,"href":"https:\/\/vvs.163.myftpupload.com\/index.php?rest_route=\/wp\/v2\/users\/1"}],"replies":[{"embeddable":true,"href":"https:\/\/vvs.163.myftpupload.com\/index.php?rest_route=%2Fwp%2Fv2%2Fcomments&post=67"}],"version-history":[{"count":10,"href":"https:\/\/vvs.163.myftpupload.com\/index.php?rest_route=\/wp\/v2\/pages\/67\/revisions"}],"predecessor-version":[{"id":806,"href":"https:\/\/vvs.163.myftpupload.com\/index.php?rest_route=\/wp\/v2\/pages\/67\/revisions\/806"}],"wp:attachment":[{"href":"https:\/\/vvs.163.myftpupload.com\/index.php?rest_route=%2Fwp%2Fv2%2Fmedia&parent=67"}],"curies":[{"name":"wp","href":"https:\/\/api.w.org\/{rel}","templated":true}]}}